{"id":26,"date":"2017-11-16T15:08:17","date_gmt":"2017-11-16T14:08:17","guid":{"rendered":"https:\/\/home.usn.no\/web-kdprosjekt\/?page_id=26"},"modified":"2017-12-04T11:03:54","modified_gmt":"2017-12-04T10:03:54","slug":"moter","status":"publish","type":"page","link":"https:\/\/home.usn.no\/web-kdprosjekt\/index.php\/moter\/","title":{"rendered":"Oppstartsm\u00f8te 15.11.17"},"content":{"rendered":"<p><strong>Samvirke i grunnutdanningene, tema: vold og overgrep.<\/strong><\/p>\n<p>| <a href=\"https:\/\/home.usn.no\/web-kdprosjekt\/wp-content\/uploads\/2017\/11\/Invitasjonen.pdf\">Invitasjonen<\/a>|<a href=\"https:\/\/home.usn.no\/web-kdprosjekt\/wp-content\/uploads\/2017\/11\/Deltakerliste-1.pdf\">| Deltakerliste ||\u00a0<\/a><a href=\"https:\/\/home.usn.no\/web-kdprosjekt\/wp-content\/uploads\/2017\/11\/Grupper.pdf\">Grupper |<\/a><\/p>\n<ul>\n<li><a href=\"https:\/\/www.google.no\/url?sa=t&amp;rct=j&amp;q=&amp;esrc=s&amp;source=web&amp;cd=2&amp;cad=rja&amp;uact=8&amp;ved=0ahUKEwic4b6ekM3XAhXGQZoKHU1wDwwQFggtMAE&amp;url=https%3A%2F%2Fwww.regjeringen.no%2Fcontentassets%2Ff53d8d6717d84613b9f0fc87deab516f%2Fno%2Fpdfs%2Fprp201620170012000dddpdfs.pdf&amp;usg=AOvVaw0-dfFu5MNqchUviGNCJDjK\">Prop. 12 S\u00a0(2016\u20132017).<\/a> Proposisjon til Stortinget (forslag til stortingsvedtak)<br \/>\nOpptrappingsplan mot vold og overgrep\u00a0(2017\u20132021).<\/li>\n<li><a href=\"https:\/\/www.stortinget.no\/globalassets\/pdf\/innstillinger\/stortinget\/2016-2017\/inns-201617-247s.pdf\">Innst. 247 S.<\/a> Innstilling til Stortinget fra justiskomiteen.<\/li>\n<\/ul>\n<p><strong>Kj\u00f8replan m\u00f8tet 15.11.17:<\/strong><\/p>\n<table>\n<tbody>\n<tr>\n<td width=\"125\">1000 &#8211; 1005<\/td>\n<td width=\"545\">Velkommen.\u00a0 Kunnskapsdepartementet.<\/td>\n<\/tr>\n<tr>\n<td width=\"125\">1005 &#8211; 1020<\/td>\n<td width=\"545\">\u00c5pning av m\u00f8tet. \u00a0Kunnskapsminister Henrik Asheim.<\/td>\n<\/tr>\n<tr>\n<td width=\"125\">1020 &#8211; 1040<\/td>\n<td width=\"545\">Generell orientering om Opptrappingsplanen og Stortingets behandling av denne.\u00a0 <a href=\"https:\/\/home.usn.no\/web-kdprosjekt\/wp-content\/uploads\/2017\/11\/Kari-Framnes.pdf\">Kari Framnes<\/a>, Barne- og likestillingsdepartementet (BLD). <a href=\"https:\/\/home.usn.no\/web-kdprosjekt\/wp-content\/uploads\/2017\/11\/Framnes.pdf\">Hent PDF-fil.<\/a><\/td>\n<\/tr>\n<tr>\n<td width=\"125\">1040 -1145<\/td>\n<td width=\"545\"><strong>Eksempler p\u00e5 arbeid med temaet i utdanningene<\/strong><\/p>\n<p>1.\u00a0\u00a0\u00a0 Overgrepsmottak\/ legevakter og helse- og sosialfagutdanningene. <a href=\"https:\/\/home.usn.no\/web-kdprosjekt\/wp-content\/uploads\/2017\/11\/Kjersti-Alsaker.pdf\">Kjersti Alsaker<\/a>, Nasjonalt kompetansesenter for legevaktsmedisin og H\u00f8gskolen p\u00e5 Vestlandet (HVL). <a href=\"https:\/\/home.usn.no\/web-kdprosjekt\/wp-content\/uploads\/2017\/11\/Alsaker.pdf\">Hent PDF-fil.<\/a><br \/>\n2.\u00a0\u00a0\u00a0 Arbeid med temaet i politiutdanningen. <a href=\"https:\/\/home.usn.no\/web-kdprosjekt\/wp-content\/uploads\/2017\/11\/Henriette-Taxt-Roestadli.pdf\">Henriette Taxt R\u00f8stadli<\/a> fra PHS Oslo. <a href=\"https:\/\/home.usn.no\/web-kdprosjekt\/wp-content\/uploads\/2017\/11\/Rostadli.pdf\">Hent PDF-fil.<\/a><br \/>\n3.\u00a0\u00a0\u00a0 Tverrfaglig og tverrprofesjonelt samarbeid ved H\u00f8gskolen i S\u00f8r\u00f8st-Norge (HSN). <a href=\"https:\/\/home.usn.no\/web-kdprosjekt\/wp-content\/uploads\/2017\/11\/Runi-Borresen.pdf\">Runi B\u00f8rresen<\/a> fra HSN.\u00a0<a href=\"https:\/\/home.usn.no\/web-kdprosjekt\/wp-content\/uploads\/2017\/11\/Borresen.pdf\">Hent PDF-fil.<\/a><br \/>\n4.\u00a0\u00a0\u00a0 Tverrprofesjonelt samarbeide i utdanningen \u2013 med fokus p\u00e5 vold og seksuelle overgrep.\u00a0 <a href=\"https:\/\/home.usn.no\/web-kdprosjekt\/wp-content\/uploads\/2017\/11\/Elsa-Helen-Kaltvedt.pdf\">Elsa Helen Kaltvedt<\/a>, Universitetet i Stavanger.\u00a0<a href=\"https:\/\/home.usn.no\/web-kdprosjekt\/wp-content\/uploads\/2017\/11\/Kaltvedt.pdf\">Hent PDF-fil.<\/a><\/td>\n<\/tr>\n<tr>\n<td width=\"125\">1145 \u2013 1200<\/td>\n<td width=\"545\">Lunsj.<\/td>\n<\/tr>\n<tr>\n<td width=\"125\">1200 \u2013 1345<\/td>\n<td width=\"545\">Gruppearbeid. <a href=\"https:\/\/home.usn.no\/web-kdprosjekt\/wp-content\/uploads\/2017\/11\/Kristin-Barstad.pdf\">Kristin Barstad<\/a>, HSN.\u00a0<a href=\"https:\/\/home.usn.no\/web-kdprosjekt\/wp-content\/uploads\/2017\/11\/kristin-barstad-gruppearbeid.pdf\">Hent PDF-fil.<\/a><\/td>\n<\/tr>\n<tr>\n<td width=\"125\">1345 \u2013 1425<\/td>\n<td width=\"545\">Oppsummering av gruppearbeid, neste steg. Kristin Barstad.<\/td>\n<\/tr>\n<tr>\n<td width=\"125\">1425 \u2013 1430<\/td>\n<td width=\"545\">Avslutning.<\/td>\n<\/tr>\n<\/tbody>\n<\/table>\n","protected":false},"excerpt":{"rendered":"<p>Samvirke i grunnutdanningene, tema: vold og overgrep. | Invitasjonen|| Deltakerliste ||\u00a0Grupper | Prop. 12 S\u00a0(2016\u20132017). Proposisjon til Stortinget (forslag til stortingsvedtak) Opptrappingsplan mot vold og overgrep\u00a0(2017\u20132021). Innst. 247 S. Innstilling til Stortinget fra justiskomiteen. Kj\u00f8replan m\u00f8tet 15.11.17: 1000 &#8211; 1005 &hellip; <a href=\"https:\/\/home.usn.no\/web-kdprosjekt\/index.php\/moter\/\">Les videre <span class=\"meta-nav\">&rarr;<\/span><\/a><\/p>\n","protected":false},"author":2,"featured_media":0,"parent":0,"menu_order":2,"comment_status":"closed","ping_status":"closed","template":"","meta":{"footnotes":""},"class_list":["post-26","page","type-page","status-publish","hentry"],"_links":{"self":[{"href":"https:\/\/home.usn.no\/web-kdprosjekt\/index.php\/wp-json\/wp\/v2\/pages\/26","targetHints":{"allow":["GET"]}}],"collection":[{"href":"https:\/\/home.usn.no\/web-kdprosjekt\/index.php\/wp-json\/wp\/v2\/pages"}],"about":[{"href":"https:\/\/home.usn.no\/web-kdprosjekt\/index.php\/wp-json\/wp\/v2\/types\/page"}],"author":[{"embeddable":true,"href":"https:\/\/home.usn.no\/web-kdprosjekt\/index.php\/wp-json\/wp\/v2\/users\/2"}],"replies":[{"embeddable":true,"href":"https:\/\/home.usn.no\/web-kdprosjekt\/index.php\/wp-json\/wp\/v2\/comments?post=26"}],"version-history":[{"count":32,"href":"https:\/\/home.usn.no\/web-kdprosjekt\/index.php\/wp-json\/wp\/v2\/pages\/26\/revisions"}],"predecessor-version":[{"id":120,"href":"https:\/\/home.usn.no\/web-kdprosjekt\/index.php\/wp-json\/wp\/v2\/pages\/26\/revisions\/120"}],"wp:attachment":[{"href":"https:\/\/home.usn.no\/web-kdprosjekt\/index.php\/wp-json\/wp\/v2\/media?parent=26"}],"curies":[{"name":"wp","href":"https:\/\/api.w.org\/{rel}","templated":true}]}}