{"id":237,"date":"2018-12-12T10:09:45","date_gmt":"2018-12-12T09:09:45","guid":{"rendered":"https:\/\/home.usn.no\/web-kdprosjekt\/?page_id=237"},"modified":"2018-12-12T12:40:27","modified_gmt":"2018-12-12T11:40:27","slug":"ressurser","status":"publish","type":"page","link":"https:\/\/home.usn.no\/web-kdprosjekt\/index.php\/aktuelle-lenker\/ressurser\/","title":{"rendered":"Ressurser"},"content":{"rendered":"<ul>\n<li><a href=\"https:\/\/voldsveileder.nkvts.no\/\">Veileder for helse- og omsorgstjenestens arbeid med vold i n\u00e6re relasjoner<\/a>\u00a0(NKVTS)<\/li>\n<li><a href=\"http:\/\/rvtsost.no\/forside\/lansering-av-digitale-verktoy-i-arbeidet-mot-vold-og-overgrep\/\">Snakke\u00a0<\/a>\u00a0&#8211; Et digitalt verkt\u00f8y i arbeidet mot vold og overgrep (RVTS-\u00d8st)<\/li>\n<li><a href=\"https:\/\/interact.hioa.no\">INTERACT\u00a0 <\/a>&#8211; Interprofessional Interaction With Children and Youth (OsloMet)<\/li>\n<li><a href=\"http:\/\/www.ungdomisvevet.no\/?id=1345404\">Ungdom i svevet<\/a> &#8211; Hva er virksomt i m\u00f8te med utsatte unge? (Norduniversitetet)<\/li>\n<li><a href=\"https:\/\/www.facebook.com\/search\/str\/Barn+oss+imellom\/keywords_search\"><span class=\"highlightNode\">Barn oss imellom,<\/span><\/a>\u00a0en studentforening som jobber for \u00e5 \u00f8ke tverrfaglig kompetanse blant studenter som senere skal jobbe med\u00a0<span class=\"highlightNode\">barn<\/span>.<\/li>\n<li><a href=\"https:\/\/www.utdanningsnytt.no\/bedre-skole\/debatt\/2017\/monster-og-handlinger-du-skal-se-etter-for-avdekke-seksuelle-overgrep-i-skolen\/\">M\u00f8nster og handlinger du skal se etter for \u00e5 avdekke seksuelle overgrep i skolen.<\/a>\u00a0(Bedre Skole)<\/li>\n<li><a href=\"https:\/\/forskning.no\/2017\/10\/den-ubehagelige-plikten\/produsert-og-finansiert-av\/politihogskolen\">Folk unng\u00e5r \u00e5 varsle p\u00e5 grunn av taushetsplikten<\/a>\u00a0(Politih\u00f8gskolen)<\/li>\n<li><a href=\"http:\/\/martinjohannessen.blogspot.no\/2017\/11\/undervisningsopplegg-om-seksuelle.html\">L\u00e6rerbloggen<\/a>.\u00a0\u00a0Undervisningsopplegg om seksuelle overgrep for elever p\u00e5 5. &#8211; 7. trinn.<\/li>\n<li><a href=\"https:\/\/www.konfliktraadet.no\/\">Konfliktr\u00e5det <\/a>&#8211;\u00a0hjelper deg med \u00e5 l\u00f8se konflikter.<\/li>\n<li><a href=\"https:\/\/tryggere.no\/\">Stiftelsen Tryggere<\/a> &#8211; sinnemestring og forebygging av vold og seksuelle overgrep.<\/li>\n<li><a href=\"http:\/\/www.vernforeldre.no\/\">Vern for eldre<\/a> &#8211; overgrep mot eldre og Nasjonal kontakttelefon.<\/li>\n<li><a href=\"https:\/\/dinutvei.no\/\">dinutvei<strong>.<\/strong>no<\/a> &#8211; nasjonal veiviser ved vold og overgrep.<\/li>\n<li><a href=\"http:\/\/mirasenteret.no\/en\/frontpage\/\">MIRA Ressurssenter<\/a> &#8211; for kvinner med minoritetsbakgrunn.<\/li>\n<li><a href=\"http:\/\/stinesofiesstiftelse.no\/\">STINESOFIES STIFTELSE<\/a> &#8211; for en barndom uten vold.<\/li>\n<li><strong>Krisesentersekretariatet<\/strong> (<a href=\"http:\/\/www.krisesenter.com\/\">lenke<\/a>): 1)\u00a0<a style=\"color: #ff4b33;\" href=\"http:\/\/www.krisesenter.com\/backup240616\/filer\/pdf\/Bestilling\/Alle-barn-er-alles-ansvar.pdf\">Alle barn er alles ansvar<\/a>. 2)\u00a0<a href=\"http:\/\/krisesenteret.net\/wp-content\/uploads\/2017\/01\/Brosjyre-Vold_mot_personer_med_nedsatt_funksjonsevne.pdf\">Den tause volden<\/a>\u00a0(vold mot\u00a0mot personer med\u00a0nedsatt funksjonsevne). 3)\u00a0<a href=\"http:\/\/www.krisesenter.com\/backup240616\/filer\/pdf\/brosjyrer\/vold_mot_eldre.pdf\">Usynlige overgrep<\/a>\u00a0(vold mot eldre).<\/li>\n<li><strong>Reform\u00a0<\/strong> -ressurssenter for menn (<a href=\"https:\/\/reform.no\/\">lenke<\/a>). 1)\u00a0<a href=\"https:\/\/reform.no\/prosjekter\/stopp-kjaerestevolden\/\">Stopp kj\u00e6restevolden<\/a>. 2)<a href=\"https:\/\/reform.no\/tjenester\/\">Mannstelefonen<\/a>.<\/li>\n<\/ul>\n<p>&nbsp;<\/p>\n","protected":false},"excerpt":{"rendered":"<p>Veileder for helse- og omsorgstjenestens arbeid med vold i n\u00e6re relasjoner\u00a0(NKVTS) Snakke\u00a0\u00a0&#8211; Et digitalt verkt\u00f8y i arbeidet mot vold og overgrep (RVTS-\u00d8st) INTERACT\u00a0 &#8211; Interprofessional Interaction With Children and Youth (OsloMet) Ungdom i svevet &#8211; Hva er virksomt i m\u00f8te &hellip; <a href=\"https:\/\/home.usn.no\/web-kdprosjekt\/index.php\/aktuelle-lenker\/ressurser\/\">Les videre <span class=\"meta-nav\">&rarr;<\/span><\/a><\/p>\n","protected":false},"author":2,"featured_media":0,"parent":10,"menu_order":0,"comment_status":"closed","ping_status":"closed","template":"","meta":{"footnotes":""},"class_list":["post-237","page","type-page","status-publish","hentry"],"_links":{"self":[{"href":"https:\/\/home.usn.no\/web-kdprosjekt\/index.php\/wp-json\/wp\/v2\/pages\/237","targetHints":{"allow":["GET"]}}],"collection":[{"href":"https:\/\/home.usn.no\/web-kdprosjekt\/index.php\/wp-json\/wp\/v2\/pages"}],"about":[{"href":"https:\/\/home.usn.no\/web-kdprosjekt\/index.php\/wp-json\/wp\/v2\/types\/page"}],"author":[{"embeddable":true,"href":"https:\/\/home.usn.no\/web-kdprosjekt\/index.php\/wp-json\/wp\/v2\/users\/2"}],"replies":[{"embeddable":true,"href":"https:\/\/home.usn.no\/web-kdprosjekt\/index.php\/wp-json\/wp\/v2\/comments?post=237"}],"version-history":[{"count":8,"href":"https:\/\/home.usn.no\/web-kdprosjekt\/index.php\/wp-json\/wp\/v2\/pages\/237\/revisions"}],"predecessor-version":[{"id":271,"href":"https:\/\/home.usn.no\/web-kdprosjekt\/index.php\/wp-json\/wp\/v2\/pages\/237\/revisions\/271"}],"up":[{"embeddable":true,"href":"https:\/\/home.usn.no\/web-kdprosjekt\/index.php\/wp-json\/wp\/v2\/pages\/10"}],"wp:attachment":[{"href":"https:\/\/home.usn.no\/web-kdprosjekt\/index.php\/wp-json\/wp\/v2\/media?parent=237"}],"curies":[{"name":"wp","href":"https:\/\/api.w.org\/{rel}","templated":true}]}}