{"id":166,"date":"2017-12-05T10:28:34","date_gmt":"2017-12-05T09:28:34","guid":{"rendered":"https:\/\/home.usn.no\/web-kdprosjekt\/?page_id=166"},"modified":"2017-12-05T10:30:30","modified_gmt":"2017-12-05T09:30:30","slug":"idebank","status":"publish","type":"page","link":"https:\/\/home.usn.no\/web-kdprosjekt\/index.php\/idebank\/","title":{"rendered":"Idebank"},"content":{"rendered":"<p><strong>Ideer og forslag som ikke er undervisningsopplegg.<\/strong><\/p>\n<ul>\n<li>Om <a href=\"https:\/\/home.usn.no\/web-kdprosjekt\/wp-content\/uploads\/2017\/12\/Innspill-gruppearbeid-KD.pdf\">digitale l\u00e6ringsressurser <\/a> p\u00e5 tvers av grunnutdanninger og videreutdanninger.(H\u00f8gskolen i Innlandet, avdeling for folkehelsefag, Elverum).<\/li>\n<li><\/li>\n<\/ul>\n","protected":false},"excerpt":{"rendered":"<p>Ideer og forslag som ikke er undervisningsopplegg. Om digitale l\u00e6ringsressurser p\u00e5 tvers av grunnutdanninger og videreutdanninger.(H\u00f8gskolen i Innlandet, avdeling for folkehelsefag, Elverum).<\/p>\n","protected":false},"author":2,"featured_media":0,"parent":0,"menu_order":6,"comment_status":"closed","ping_status":"closed","template":"","meta":{"footnotes":""},"class_list":["post-166","page","type-page","status-publish","hentry"],"_links":{"self":[{"href":"https:\/\/home.usn.no\/web-kdprosjekt\/index.php\/wp-json\/wp\/v2\/pages\/166","targetHints":{"allow":["GET"]}}],"collection":[{"href":"https:\/\/home.usn.no\/web-kdprosjekt\/index.php\/wp-json\/wp\/v2\/pages"}],"about":[{"href":"https:\/\/home.usn.no\/web-kdprosjekt\/index.php\/wp-json\/wp\/v2\/types\/page"}],"author":[{"embeddable":true,"href":"https:\/\/home.usn.no\/web-kdprosjekt\/index.php\/wp-json\/wp\/v2\/users\/2"}],"replies":[{"embeddable":true,"href":"https:\/\/home.usn.no\/web-kdprosjekt\/index.php\/wp-json\/wp\/v2\/comments?post=166"}],"version-history":[{"count":3,"href":"https:\/\/home.usn.no\/web-kdprosjekt\/index.php\/wp-json\/wp\/v2\/pages\/166\/revisions"}],"predecessor-version":[{"id":170,"href":"https:\/\/home.usn.no\/web-kdprosjekt\/index.php\/wp-json\/wp\/v2\/pages\/166\/revisions\/170"}],"wp:attachment":[{"href":"https:\/\/home.usn.no\/web-kdprosjekt\/index.php\/wp-json\/wp\/v2\/media?parent=166"}],"curies":[{"name":"wp","href":"https:\/\/api.w.org\/{rel}","templated":true}]}}