{"id":15,"date":"2017-11-14T13:21:51","date_gmt":"2017-11-14T12:21:51","guid":{"rendered":"https:\/\/home.usn.no\/web-kdprosjekt\/?page_id=15"},"modified":"2019-01-09T14:54:25","modified_gmt":"2019-01-09T13:54:25","slug":"undervisningsopplegg","status":"publish","type":"page","link":"https:\/\/home.usn.no\/web-kdprosjekt\/index.php\/undervisningsopplegg\/","title":{"rendered":"Undervisningsopplegg"},"content":{"rendered":"<p>Tverrprofesjonell fagdag for studenter p\u00e5 tvers av profesjonsutdanningene. Tema: Seksuelle overgrep, og vold i n\u00e6re relasjoner mot barn. Se\u00a0<a href=\"https:\/\/home.usn.no\/web-kdprosjekt\/wp-content\/uploads\/2019\/01\/EndeligTimeplanFagdag17jan2019.pdf\">timeplan for fagdagen 17 januar 2019<\/a>.<br \/>\nArrang\u00f8r: Nord Universitet og Politih\u00f8gskolen avd. Bod\u00f8.<\/p>\n<p><strong><a href=\"https:\/\/home.usn.no\/web-kdprosjekt\/wp-content\/uploads\/2017\/11\/MalStudieguide.docx\">Mal <\/a>(worddokument).\u00a0<\/strong>Dette er en mal som kan benytte n\u00e5r dere skal dele et undervisningsopplegg med andre. Last ned malen, skriv inn tekst, lagre og send dokumentet til <a href=\"mailto:Kristin.Barstad@usn.no\">Kristin.Barstad@usn.no<br \/>\n<\/a><\/p>\n<p>Studieguide <a href=\"https:\/\/home.usn.no\/web-kdprosjekt\/wp-content\/uploads\/2017\/11\/studieguide-barn-i-krise.docx\">&laquo;Barn i krise&raquo;<\/a>.<br \/>\nStudieguide <a href=\"https:\/\/home.usn.no\/web-kdprosjekt\/wp-content\/uploads\/2017\/11\/studieguide-mobbing.docx\">&laquo;Mobbing, l\u00e6ringsmilj\u00f8 og sosial kompetanse&raquo;<\/a>.<\/p>\n<p><strong><a href=\"https:\/\/home.usn.no\/web-kdprosjekt\/wp-content\/uploads\/2017\/12\/epost_4des2017.pdf\">Epost <\/a><\/strong> om videre arbeid og undervisningsopplegg er sendt til m\u00f8tedeltakerne 4.12.17.<\/p>\n<p><strong>Undervisningsopplegg (kommer):<\/strong><\/p>\n<p>1.<\/p>\n<p>2.<\/p>\n<p>&nbsp;<\/p>\n","protected":false},"excerpt":{"rendered":"<p>Tverrprofesjonell fagdag for studenter p\u00e5 tvers av profesjonsutdanningene. Tema: Seksuelle overgrep, og vold i n\u00e6re relasjoner mot barn. Se\u00a0timeplan for fagdagen 17 januar 2019. Arrang\u00f8r: Nord Universitet og Politih\u00f8gskolen avd. Bod\u00f8. Mal (worddokument).\u00a0Dette er en mal som kan benytte n\u00e5r &hellip; <a href=\"https:\/\/home.usn.no\/web-kdprosjekt\/index.php\/undervisningsopplegg\/\">Les videre <span class=\"meta-nav\">&rarr;<\/span><\/a><\/p>\n","protected":false},"author":2,"featured_media":0,"parent":0,"menu_order":5,"comment_status":"closed","ping_status":"closed","template":"","meta":{"footnotes":""},"class_list":["post-15","page","type-page","status-publish","hentry"],"_links":{"self":[{"href":"https:\/\/home.usn.no\/web-kdprosjekt\/index.php\/wp-json\/wp\/v2\/pages\/15","targetHints":{"allow":["GET"]}}],"collection":[{"href":"https:\/\/home.usn.no\/web-kdprosjekt\/index.php\/wp-json\/wp\/v2\/pages"}],"about":[{"href":"https:\/\/home.usn.no\/web-kdprosjekt\/index.php\/wp-json\/wp\/v2\/types\/page"}],"author":[{"embeddable":true,"href":"https:\/\/home.usn.no\/web-kdprosjekt\/index.php\/wp-json\/wp\/v2\/users\/2"}],"replies":[{"embeddable":true,"href":"https:\/\/home.usn.no\/web-kdprosjekt\/index.php\/wp-json\/wp\/v2\/comments?post=15"}],"version-history":[{"count":15,"href":"https:\/\/home.usn.no\/web-kdprosjekt\/index.php\/wp-json\/wp\/v2\/pages\/15\/revisions"}],"predecessor-version":[{"id":283,"href":"https:\/\/home.usn.no\/web-kdprosjekt\/index.php\/wp-json\/wp\/v2\/pages\/15\/revisions\/283"}],"wp:attachment":[{"href":"https:\/\/home.usn.no\/web-kdprosjekt\/index.php\/wp-json\/wp\/v2\/media?parent=15"}],"curies":[{"name":"wp","href":"https:\/\/api.w.org\/{rel}","templated":true}]}}